{"id":16254036,"date":"2025-05-07T11:04:57","date_gmt":"2025-05-07T15:04:57","guid":{"rendered":"https:\/\/staging.moovair.com\/?page_id=16254036"},"modified":"2025-05-07T11:18:08","modified_gmt":"2025-05-07T15:18:08","slug":"btm","status":"publish","type":"page","link":"https:\/\/staging.moovair.com\/fr-ca\/btm\/","title":{"rendered":"BIBLIOTH\u00c8QUE TECHNIQUE"},"content":{"rendered":"\n<section class=\"dealermetal-wrap\">\n    <div class=\"title-wrap\">\n        <h3>BIBLIOTH\u00c8QUE TECHNIQUE<\/h3>\n        <div class=\"search_top\">\n            <label for=\"searchpr\" class=\"visually-hidden\">Search the products:<\/label>\n            <input type=\"text\" name=\"searchpr\" id=\"searchpr\"  aria-label=\"Search the products\"  title=\"Search Products\" placeholder=\"Recherche produits\">\n\t\t\t\t   \n            <button type=\"button\" id=\"searchprbtn\" title=\"Search Products\">Recherche\t\t\t\t<\/button>\n        <\/div>\n    <\/div>\n    \n  <div class=\"filter-wrap\">\n  \n       <div class=\"filters-option\">\n                 <h4>Filtres<\/h4>\n            <ul class=\"main_list_cat\"><li class=\"parent current\"><a data-termid=144 href=\"https:\/\/staging.moovair.com\/fr-ca\/btm\/?tid=144\">SANS CONDUITS<\/a> <button type=\"button\"  class=\"arrow-wrap\" ><i class=\"fas fa-chevron-down\"><\/i><\/button> <ul><li class=\"child \"><a data-termid=145 href=\"https:\/\/staging.moovair.com\/fr-ca\/btm\/?tid=145&sid=144\">UNIT\u00c9S MURALES<\/a><\/li><li class=\"child \"><a data-termid=146 href=\"https:\/\/staging.moovair.com\/fr-ca\/btm\/?tid=146&sid=144\">CASSETTE POUR PLAFOND<\/a><\/li><li class=\"child \"><a data-termid=147 href=\"https:\/\/staging.moovair.com\/fr-ca\/btm\/?tid=147&sid=144\">CONSOLE<\/a><\/li><\/ul><\/li><li class=\"parent\"><a data-termid=148 href=\"https:\/\/staging.moovair.com\/fr-ca\/btm\/?tid=148\">GAINABLE<\/a> <button type=\"button\" class=\"arrow-wrap\"><i class=\"fas fa-chevron-down\"><\/i><\/button> <ul><li class=\"child \"><a data-termid=149 href=\"https:\/\/staging.moovair.com\/fr-ca\/btm\/?tid=149&sid=148\">VENTILATEUR MULTI-POSITION<\/a><\/li><li class=\"child \"><a data-termid=150 href=\"https:\/\/staging.moovair.com\/fr-ca\/btm\/?tid=150&sid=148\">SERPENTIN AVEC CABINET<\/a><\/li><li class=\"child \"><a data-termid=151 href=\"https:\/\/staging.moovair.com\/fr-ca\/btm\/?tid=151&sid=148\">GAINABLE - MOD\u00c8LE HORIZONTAL<\/a><\/li><\/ul><\/li><li class=\"parent\"><a data-termid=152 href=\"https:\/\/staging.moovair.com\/fr-ca\/btm\/?tid=152\">MULTI-MOOV<\/a> <button type=\"button\" class=\"arrow-wrap\"><i class=\"fas fa-chevron-down\"><\/i><\/button> <ul><li class=\"child \"><a data-termid=153 href=\"https:\/\/staging.moovair.com\/fr-ca\/btm\/?tid=153&sid=152\">UNIT\u00c9S EXT\u00c9RIEURES<\/a><\/li><li class=\"child \"><a data-termid=154 href=\"https:\/\/staging.moovair.com\/fr-ca\/btm\/?tid=154&sid=152\">UNIT\u00c9S INT\u00c9RIEURS<\/a><\/li><\/ul><\/li><li class=\"parent\"><a data-termid=155 href=\"https:\/\/staging.moovair.com\/fr-ca\/btm\/?tid=155\">ACCESSOIRES<\/a> <button type=\"button\" class=\"arrow-wrap\"><i class=\"fas fa-chevron-down\"><\/i><\/button> <ul><li class=\"child \"><a data-termid=156 href=\"https:\/\/staging.moovair.com\/fr-ca\/btm\/?tid=156&sid=155\">Contr\u00f4les<\/a><\/li><li class=\"child \"><a data-termid=157 href=\"https:\/\/staging.moovair.com\/fr-ca\/btm\/?tid=157&sid=155\">\u00c9L\u00c9MENTS \u00c9LECTRIQUES<\/a><\/li><\/ul><\/li><li class=\"parent\"><a data-termid=158 href=\"https:\/\/staging.moovair.com\/fr-ca\/btm\/?tid=158\">ANCIENS PRODUITS<\/a> <button type=\"button\" class=\"arrow-wrap\"><i class=\"fas fa-chevron-down\"><\/i><\/button> <ul><li class=\"child \"><a data-termid=159 href=\"https:\/\/staging.moovair.com\/fr-ca\/btm\/?tid=159&sid=158\">UNIT\u00c9S MURALES<\/a><\/li><li class=\"child \"><a data-termid=160 href=\"https:\/\/staging.moovair.com\/fr-ca\/btm\/?tid=160&sid=158\">CASSETTE POUR PLAFOND<\/a><\/li><li class=\"child \"><a data-termid=161 href=\"https:\/\/staging.moovair.com\/fr-ca\/btm\/?tid=161&sid=158\">CONSOLE<\/a><\/li><li class=\"child \"><a data-termid=162 href=\"https:\/\/staging.moovair.com\/fr-ca\/btm\/?tid=162&sid=158\">GAINABLE - MOD\u00c8LE HORIZONTAL<\/a><\/li><li class=\"child \"><a data-termid=163 href=\"https:\/\/staging.moovair.com\/fr-ca\/btm\/?tid=163&sid=158\">VENTILATEUR MULTI-POSITION<\/a><\/li><li class=\"child \"><a data-termid=164 href=\"https:\/\/staging.moovair.com\/fr-ca\/btm\/?tid=164&sid=158\">MULTI-MOOV<\/a><\/li><li class=\"child \"><a data-termid=165 href=\"https:\/\/staging.moovair.com\/fr-ca\/btm\/?tid=165&sid=158\">ACCESSOIRES<\/a><\/li><\/ul><\/li><\/ul>       <\/div>\n       \n  <div class=\"filters-content\">\n    <div class=\"sortby-wrap\">\n        <div class=\"layoutopt\">\n            <div>\n                <div class=\"grid set\">\n                    <a class=\"gridview\">\n                        <img decoding=\"async\" src=\"\/wp-content\/uploads\/2024\/04\/Grid.png\"\/>\n                    <\/a>\n                <\/div>\n                <div class=\"list\">\n                    <a class=\"listview\">\n                        <img decoding=\"async\" src=\"\/wp-content\/uploads\/2024\/04\/list.png\"\/>\n                    <\/a>\n                <\/div>\n            <\/div>\n            <!--<span>Itmes 1-1 of 6<\/span>-->\n        <\/div>\n        <!--<div class=\"sort-opt\">-->\n        <!--    <span>Sort By<\/span>-->\n        <!--    <select id=\"sort-opt\">-->\n        <!--        <option value=\"\">Postion<\/option>-->\n        <!--        <option value=\"asc\">Title - ASC<\/option>-->\n        <!--        <option value=\"desc\">Title - DESC<\/option>-->\n        <!--    <\/select>-->\n        <!--<\/div>-->\n    <\/div>\n\n    <div class=\"products-grid product_listing\">\n      <div class=\"cls-events-listing\"><div class=\"cls-events-single productinfo\"><h2><a href=\"https:\/\/staging.moovair.com\/fr-ca\/btm\/?tid=144\" class=\"prlink\">SANS CONDUITS<\/a><\/h2>  <a href=\"https:\/\/staging.moovair.com\/fr-ca\/btm\/?tid=144\" class=\"prlink\"><img decoding=\"async\" src=\"\/wp-content\/uploads\/2024\/04\/moovair-placeholder.jpg\"><\/a><\/div><div class=\"cls-events-single productinfo\"><h2><a href=\"https:\/\/staging.moovair.com\/fr-ca\/btm\/?tid=148\" class=\"prlink\">GAINABLE<\/a><\/h2>  <a href=\"https:\/\/staging.moovair.com\/fr-ca\/btm\/?tid=148\" class=\"prlink\"><img decoding=\"async\" src=\"\/wp-content\/uploads\/2024\/04\/moovair-placeholder.jpg\"><\/a><\/div><div class=\"cls-events-single productinfo\"><h2><a href=\"https:\/\/staging.moovair.com\/fr-ca\/btm\/?tid=152\" class=\"prlink\">MULTI-MOOV<\/a><\/h2>  <a href=\"https:\/\/staging.moovair.com\/fr-ca\/btm\/?tid=152\" class=\"prlink\"><img decoding=\"async\" src=\"\/wp-content\/uploads\/2024\/04\/moovair-placeholder.jpg\"><\/a><\/div><div class=\"cls-events-single productinfo\"><h2><a href=\"https:\/\/staging.moovair.com\/fr-ca\/btm\/?tid=155\" class=\"prlink\">ACCESSOIRES<\/a><\/h2>  <a href=\"https:\/\/staging.moovair.com\/fr-ca\/btm\/?tid=155\" class=\"prlink\"><img decoding=\"async\" src=\"\/wp-content\/uploads\/2024\/04\/moovair-placeholder.jpg\"><\/a><\/div><div class=\"cls-events-single productinfo\"><h2><a href=\"https:\/\/staging.moovair.com\/fr-ca\/btm\/?tid=158\" class=\"prlink\">ANCIENS PRODUITS<\/a><\/h2>  <a href=\"https:\/\/staging.moovair.com\/fr-ca\/btm\/?tid=158\" class=\"prlink\"><img decoding=\"async\" src=\"\/wp-content\/uploads\/2024\/04\/moovair-placeholder.jpg\"><\/a><\/div><\/div>                   \n    <\/div>   \n  <\/div>\n<\/section>\n<style>\nh1.entry-title.main_title {\n    display: none;\n}\n<\/style>\n","protected":false},"excerpt":{"rendered":"","protected":false},"author":6,"featured_media":0,"parent":0,"menu_order":0,"comment_status":"closed","ping_status":"closed","template":"","meta":{"_acf_changed":false,"_et_pb_use_builder":"","_et_pb_old_content":"","_et_gb_content_width":"","footnotes":""},"dipi_cpt_category":[],"class_list":["post-16254036","page","type-page","status-publish","hentry"],"acf":[],"_wp_attachment_image_alt":null,"_wpml_post_translation_editor_native":null,"_wp_attachment_metadata":null,"_links":{"self":[{"href":"https:\/\/staging.moovair.com\/fr-ca\/wp-json\/wp\/v2\/pages\/16254036","targetHints":{"allow":["GET"]}}],"collection":[{"href":"https:\/\/staging.moovair.com\/fr-ca\/wp-json\/wp\/v2\/pages"}],"about":[{"href":"https:\/\/staging.moovair.com\/fr-ca\/wp-json\/wp\/v2\/types\/page"}],"author":[{"embeddable":true,"href":"https:\/\/staging.moovair.com\/fr-ca\/wp-json\/wp\/v2\/users\/6"}],"replies":[{"embeddable":true,"href":"https:\/\/staging.moovair.com\/fr-ca\/wp-json\/wp\/v2\/comments?post=16254036"}],"version-history":[{"count":2,"href":"https:\/\/staging.moovair.com\/fr-ca\/wp-json\/wp\/v2\/pages\/16254036\/revisions"}],"predecessor-version":[{"id":16254038,"href":"https:\/\/staging.moovair.com\/fr-ca\/wp-json\/wp\/v2\/pages\/16254036\/revisions\/16254038"}],"wp:attachment":[{"href":"https:\/\/staging.moovair.com\/fr-ca\/wp-json\/wp\/v2\/media?parent=16254036"}],"wp:term":[{"taxonomy":"dipi_cpt_category","embeddable":true,"href":"https:\/\/staging.moovair.com\/fr-ca\/wp-json\/wp\/v2\/dipi_cpt_category?post=16254036"}],"curies":[{"name":"wp","href":"https:\/\/api.w.org\/{rel}","templated":true}]}}