{"id":16250464,"date":"2022-07-25T17:45:49","date_gmt":"2022-07-25T21:45:49","guid":{"rendered":"https:\/\/staging.moovair.com\/?page_id=16250464"},"modified":"2024-04-04T07:18:56","modified_gmt":"2024-04-04T11:18:56","slug":"subventions-rabais","status":"publish","type":"page","link":"https:\/\/staging.moovair.com\/fr-ca\/subventions-rabais\/","title":{"rendered":"Subventions &amp; rabais"},"content":{"rendered":"<p>[et_pb_section fb_built=\u00a0\u00bb1&Prime; _builder_version=\u00a0\u00bb4.17.6&Prime; _module_preset=\u00a0\u00bbdefault\u00a0\u00bb global_colors_info=\u00a0\u00bb{}\u00a0\u00bb][et_pb_row _builder_version=\u00a0\u00bb4.17.6&Prime; _module_preset=\u00a0\u00bbdefault\u00a0\u00bb global_colors_info=\u00a0\u00bb{}\u00a0\u00bb][et_pb_column type=\u00a0\u00bb4_4&Prime; _builder_version=\u00a0\u00bb4.17.6&Prime; _module_preset=\u00a0\u00bbdefault\u00a0\u00bb global_colors_info=\u00a0\u00bb{}\u00a0\u00bb][et_pb_text _builder_version=\u00a0\u00bb4.22.1&Prime; _module_preset=\u00a0\u00bbdefault\u00a0\u00bb header_font=\u00a0\u00bb|700||on|||||\u00a0\u00bb header_font_size=\u00a0\u00bb48px\u00a0\u00bb custom_padding=\u00a0\u00bb||50px||false|false\u00a0\u00bb header_font_size_tablet=\u00a0\u00bb48px\u00a0\u00bb header_font_size_phone=\u00a0\u00bb36px\u00a0\u00bb header_font_size_last_edited=\u00a0\u00bbon|phone\u00a0\u00bb global_colors_info=\u00a0\u00bb{}\u00a0\u00bb]<\/p>\n<h1 style=\"display: inline-block; border-bottom: 4px solid #e35425; padding-bottom: 4px;\">Subventions &amp; rabais<\/h1>\n<p>[\/et_pb_text][et_pb_text _builder_version=\u00a0\u00bb4.18.0&Prime; _module_preset=\u00a0\u00bbdefault\u00a0\u00bb text_font_size=\u00a0\u00bb20px\u00a0\u00bb text_line_height=\u00a0\u00bb1.3em\u00a0\u00bb global_colors_info=\u00a0\u00bb{}\u00a0\u00bb]<\/p>\n<p>Avoir une maison saine et plus respectueuse de l&rsquo;environnement peut sembler \u00eatre un projet co\u00fbteux. Or, il existe des subventions et des programmes d&rsquo;aide financi\u00e8re offerts par diff\u00e9rents paliers gouvernementaux qui permettent de vous venir en aide, d&rsquo;am\u00e9liorer votre confort et de r\u00e9duire vos co\u00fbts d&rsquo;\u00e9nergie. Consultez la liste suivante pour vous aider \u00e0 trouver le programme qui convient au type d\u2019appareil que vous d\u00e9sirez installer et pour conna\u00eetre les montants auxquels vous avez droit. Veuillez noter que les informations contenues sur ce site sont fournies \u00e0 titre indicatif seulement. Il est primordial de confirmer l&rsquo;\u00e9ligibilit\u00e9, les exigences ainsi que les autres informations aupr\u00e8s du programme applicable ou des sites gouvernementaux.<\/p>\n<p><strong>Veuillez noter que les informations contenues sur ce site sont fournies \u00e0 titre indicatif seulement. Il est primordial de confirmer l&rsquo;\u00e9ligibilit\u00e9, les exigences ainsi que les autres informations aupr\u00e8s du programme applicable ou des sites gouvernementaux.<\/strong><\/p>\n<p>[\/et_pb_text][\/et_pb_column][\/et_pb_row][et_pb_row _builder_version=\u00a0\u00bb4.17.6&Prime; _module_preset=\u00a0\u00bbdefault\u00a0\u00bb global_colors_info=\u00a0\u00bb{}\u00a0\u00bb][et_pb_column type=\u00a0\u00bb4_4&Prime; _builder_version=\u00a0\u00bb4.17.6&Prime; _module_preset=\u00a0\u00bbdefault\u00a0\u00bb global_colors_info=\u00a0\u00bb{}\u00a0\u00bb][dipi_faq faq_categories=\u00a0\u00bb61&Prime; faq_layout=\u00a0\u00bbaccordion\u00a0\u00bb accordion_open_first=\u00a0\u00bbon\u00a0\u00bb accordion_close_all=\u00a0\u00bbon\u00a0\u00bb icon_animate=\u00a0\u00bbon\u00a0\u00bb icon_animate_delay=\u00a0\u00bbon\u00a0\u00bb icon_closed=\u00a0\u00bb&#x50;||divi||400&Prime; icon_open=\u00a0\u00bb&#x4f;||divi||400&Prime; icon_open_bg_color=\u00a0\u00bbRGBA(255,255,255,0)\u00a0\u00bb icon_closed_bg_color=\u00a0\u00bbRGBA(255,255,255,0)\u00a0\u00bb icon_open_font_size=\u00a0\u00bb24px\u00a0\u00bb icon_closed_font_size=\u00a0\u00bb24px\u00a0\u00bb icon_open_border_radius=\u00a0\u00bb5px\u00a0\u00bb icon_closed_border_radius=\u00a0\u00bb5px\u00a0\u00bb icon_open_padding=\u00a0\u00bb10px|10px|10px|10px|true|true\u00a0\u00bb icon_closed_padding=\u00a0\u00bb10px|10px|10px|10px|true|true\u00a0\u00bb entry_background_open=\u00a0\u00bb#FFFFFF\u00a0\u00bb title_background_closed=\u00a0\u00bb#f4f4f4&Prime; title_background_open=\u00a0\u00bb#e35425&Prime; content_padding_closed=\u00a0\u00bb20px|20px|20px|20px|true|true\u00a0\u00bb _builder_version=\u00a0\u00bb4.18.0&Prime; _module_preset=\u00a0\u00bbdefault\u00a0\u00bb title_closed_font_size=\u00a0\u00bb24px\u00a0\u00bb title_open_text_color=\u00a0\u00bb#FFFFFF\u00a0\u00bb content_closed_font_size=\u00a0\u00bb16px\u00a0\u00bb border_style_all_entries_closed=\u00a0\u00bbnone\u00a0\u00bb border_style_all_entries_open=\u00a0\u00bbnone\u00a0\u00bb border_color_all_title_open=\u00a0\u00bb#e35425&Prime; global_colors_info=\u00a0\u00bb{}\u00a0\u00bb][\/dipi_faq][\/et_pb_column][\/et_pb_row][\/et_pb_section]<\/p>\n","protected":false},"excerpt":{"rendered":"<p>[et_pb_section fb_built=\u00a0\u00bb1&Prime; _builder_version=\u00a0\u00bb4.17.6&Prime; _module_preset=\u00a0\u00bbdefault\u00a0\u00bb global_colors_info=\u00a0\u00bb{}\u00a0\u00bb][et_pb_row _builder_version=\u00a0\u00bb4.17.6&Prime; _module_preset=\u00a0\u00bbdefault\u00a0\u00bb global_colors_info=\u00a0\u00bb{}\u00a0\u00bb][et_pb_column type=\u00a0\u00bb4_4&Prime; _builder_version=\u00a0\u00bb4.17.6&Prime; _module_preset=\u00a0\u00bbdefault\u00a0\u00bb global_colors_info=\u00a0\u00bb{}\u00a0\u00bb][et_pb_text _builder_version=\u00a0\u00bb4.22.1&Prime; _module_preset=\u00a0\u00bbdefault\u00a0\u00bb header_font=\u00a0\u00bb|700||on|||||\u00a0\u00bb header_font_size=\u00a0\u00bb48px\u00a0\u00bb custom_padding=\u00a0\u00bb||50px||false|false\u00a0\u00bb header_font_size_tablet=\u00a0\u00bb48px\u00a0\u00bb header_font_size_phone=\u00a0\u00bb36px\u00a0\u00bb header_font_size_last_edited=\u00a0\u00bbon|phone\u00a0\u00bb global_colors_info=\u00a0\u00bb{}\u00a0\u00bb] Subventions &amp; rabais [\/et_pb_text][et_pb_text _builder_version=\u00a0\u00bb4.18.0&Prime; _module_preset=\u00a0\u00bbdefault\u00a0\u00bb text_font_size=\u00a0\u00bb20px\u00a0\u00bb text_line_height=\u00a0\u00bb1.3em\u00a0\u00bb global_colors_info=\u00a0\u00bb{}\u00a0\u00bb] Avoir une maison saine et plus respectueuse de l&rsquo;environnement peut sembler \u00eatre un projet co\u00fbteux. Or, il existe des subventions et des programmes d&rsquo;aide financi\u00e8re [&hellip;]<\/p>\n","protected":false},"author":6,"featured_media":0,"parent":0,"menu_order":0,"comment_status":"closed","ping_status":"closed","template":"","meta":{"_acf_changed":false,"_et_pb_use_builder":"off","_et_pb_old_content":"[et_pb_section fb_built=\"1\" _builder_version=\"4.17.6\" _module_preset=\"default\" global_colors_info=\"{}\"][et_pb_row _builder_version=\"4.17.6\" _module_preset=\"default\" global_colors_info=\"{}\"][et_pb_column type=\"4_4\" _builder_version=\"4.17.6\" _module_preset=\"default\" global_colors_info=\"{}\"][et_pb_text _builder_version=\"4.22.1\" _module_preset=\"default\" header_font=\"|700||on|||||\" header_font_size=\"48px\" custom_padding=\"||50px||false|false\" hover_enabled=\"0\" header_font_size_tablet=\"48px\" header_font_size_phone=\"36px\" header_font_size_last_edited=\"on|phone\" global_colors_info=\"{}\" sticky_enabled=\"0\"]<h1 style=\"display: inline-block; border-bottom: 4px solid #e35425; padding-bottom: 4px;\">Subventions & rabais<\/h1>[\/et_pb_text][et_pb_text _builder_version=\"4.18.0\" _module_preset=\"default\" text_font_size=\"20px\" text_line_height=\"1.3em\" global_colors_info=\"{}\"]<p>Avoir une maison saine et plus respectueuse de l'environnement peut sembler \u00eatre un projet co\u00fbteux. Or, il existe des subventions et des programmes d'aide financi\u00e8re offerts par diff\u00e9rents paliers gouvernementaux qui permettent de vous venir en aide, d'am\u00e9liorer votre confort et de r\u00e9duire vos co\u00fbts d'\u00e9nergie. Consultez la liste suivante pour vous aider \u00e0 trouver le programme qui convient au type d\u2019appareil que vous d\u00e9sirez installer et pour conna\u00eetre les montants auxquels vous avez droit. Veuillez noter que les informations contenues sur ce site sont fournies \u00e0 titre indicatif seulement. Il est primordial de confirmer l'\u00e9ligibilit\u00e9, les exigences ainsi que les autres informations aupr\u00e8s du programme applicable ou des sites gouvernementaux.<\/p>\r\n<p><strong>Veuillez noter que les informations contenues sur ce site sont fournies \u00e0 titre indicatif seulement. Il est primordial de confirmer l'\u00e9ligibilit\u00e9, les exigences ainsi que les autres informations aupr\u00e8s du programme applicable ou des sites gouvernementaux.<\/strong><\/p>[\/et_pb_text][\/et_pb_column][\/et_pb_row][et_pb_row _builder_version=\"4.17.6\" _module_preset=\"default\" global_colors_info=\"{}\"][et_pb_column type=\"4_4\" _builder_version=\"4.17.6\" _module_preset=\"default\" global_colors_info=\"{}\"][dipi_faq faq_categories=\"61\" faq_layout=\"accordion\" accordion_open_first=\"on\" accordion_close_all=\"on\" icon_animate=\"on\" icon_animate_delay=\"on\" icon_closed=\"P||divi||400\" icon_open=\"O||divi||400\" icon_open_bg_color=\"RGBA(255,255,255,0)\" icon_closed_bg_color=\"RGBA(255,255,255,0)\" icon_open_font_size=\"24px\" icon_closed_font_size=\"24px\" icon_open_border_radius=\"5px\" icon_closed_border_radius=\"5px\" icon_open_padding=\"10px|10px|10px|10px|true|true\" icon_closed_padding=\"10px|10px|10px|10px|true|true\" entry_background_open=\"#FFFFFF\" title_background_closed=\"#f4f4f4\" title_background_open=\"#e35425\" content_padding_closed=\"20px|20px|20px|20px|true|true\" _builder_version=\"4.18.0\" _module_preset=\"default\" title_closed_font_size=\"24px\" title_open_text_color=\"#FFFFFF\" content_closed_font_size=\"16px\" border_style_all_entries_closed=\"none\" border_style_all_entries_open=\"none\" border_color_all_title_open=\"#e35425\" global_colors_info=\"{}\"][\/dipi_faq][\/et_pb_column][\/et_pb_row][\/et_pb_section]","_et_gb_content_width":"","footnotes":""},"dipi_cpt_category":[],"class_list":["post-16250464","page","type-page","status-publish","hentry"],"acf":[],"_wp_attachment_image_alt":null,"_wpml_post_translation_editor_native":null,"_wp_attachment_metadata":null,"_links":{"self":[{"href":"https:\/\/staging.moovair.com\/fr-ca\/wp-json\/wp\/v2\/pages\/16250464","targetHints":{"allow":["GET"]}}],"collection":[{"href":"https:\/\/staging.moovair.com\/fr-ca\/wp-json\/wp\/v2\/pages"}],"about":[{"href":"https:\/\/staging.moovair.com\/fr-ca\/wp-json\/wp\/v2\/types\/page"}],"author":[{"embeddable":true,"href":"https:\/\/staging.moovair.com\/fr-ca\/wp-json\/wp\/v2\/users\/6"}],"replies":[{"embeddable":true,"href":"https:\/\/staging.moovair.com\/fr-ca\/wp-json\/wp\/v2\/comments?post=16250464"}],"version-history":[{"count":2,"href":"https:\/\/staging.moovair.com\/fr-ca\/wp-json\/wp\/v2\/pages\/16250464\/revisions"}],"predecessor-version":[{"id":16250476,"href":"https:\/\/staging.moovair.com\/fr-ca\/wp-json\/wp\/v2\/pages\/16250464\/revisions\/16250476"}],"wp:attachment":[{"href":"https:\/\/staging.moovair.com\/fr-ca\/wp-json\/wp\/v2\/media?parent=16250464"}],"wp:term":[{"taxonomy":"dipi_cpt_category","embeddable":true,"href":"https:\/\/staging.moovair.com\/fr-ca\/wp-json\/wp\/v2\/dipi_cpt_category?post=16250464"}],"curies":[{"name":"wp","href":"https:\/\/api.w.org\/{rel}","templated":true}]}}