{"id":16250392,"date":"2022-07-25T17:45:49","date_gmt":"2022-07-25T21:45:49","guid":{"rendered":"https:\/\/staging.moovair.com\/?page_id=16250392"},"modified":"2024-05-29T08:22:28","modified_gmt":"2024-05-29T12:22:28","slug":"enregistrement-de-produit","status":"publish","type":"page","link":"https:\/\/staging.moovair.com\/fr-ca\/enregistrement-de-produit\/","title":{"rendered":"Enregistrement de produit"},"content":{"rendered":"<p>[et_pb_section fb_built=\u00a0\u00bb1&Prime; _builder_version=\u00a0\u00bb4.22.1&Prime; _module_preset=\u00a0\u00bbdefault\u00a0\u00bb global_colors_info=\u00a0\u00bb{}\u00a0\u00bb][et_pb_row _builder_version=\u00a0\u00bb4.22.1&Prime; _module_preset=\u00a0\u00bbdefault\u00a0\u00bb global_colors_info=\u00a0\u00bb{}\u00a0\u00bb][et_pb_column type=\u00a0\u00bb4_4&Prime; _builder_version=\u00a0\u00bb4.22.1&Prime; _module_preset=\u00a0\u00bbdefault\u00a0\u00bb global_colors_info=\u00a0\u00bb{}\u00a0\u00bb][et_pb_text _builder_version=\u00a0\u00bb4.22.1&Prime; _module_preset=\u00a0\u00bbdefault\u00a0\u00bb header_font=\u00a0\u00bbCera Pro|700|||||||\u00a0\u00bb header_font_size=\u00a0\u00bb48px\u00a0\u00bb header_font_size_tablet=\u00a0\u00bb48px\u00a0\u00bb header_font_size_phone=\u00a0\u00bb36px\u00a0\u00bb header_font_size_last_edited=\u00a0\u00bbon|phone\u00a0\u00bb global_colors_info=\u00a0\u00bb{}\u00a0\u00bb]<\/p>\n<p><center><\/center><\/p>\n<h1 style=\"display: inline-block; border-bottom: 4px solid #e35425; padding-bottom: 4px; text-align: center;\">Enregistrement de produit<\/h1>\n<p style=\"text-align: center;\">[\/et_pb_text][\/et_pb_column][\/et_pb_row][et_pb_row column_structure=\u00a0\u00bb1_5,3_5,1_5&Prime; _builder_version=\u00a0\u00bb4.22.1&Prime; _module_preset=\u00a0\u00bbdefault\u00a0\u00bb global_colors_info=\u00a0\u00bb{}\u00a0\u00bb][et_pb_column type=\u00a0\u00bb1_5&Prime; _builder_version=\u00a0\u00bb4.22.1&Prime; _module_preset=\u00a0\u00bbdefault\u00a0\u00bb global_colors_info=\u00a0\u00bb{}\u00a0\u00bb][\/et_pb_column][et_pb_column type=\u00a0\u00bb3_5&Prime; _builder_version=\u00a0\u00bb4.22.1&Prime; _module_preset=\u00a0\u00bbdefault\u00a0\u00bb global_colors_info=\u00a0\u00bb{}\u00a0\u00bb][et_pb_text _builder_version=\u00a0\u00bb4.22.1&Prime; _module_preset=\u00a0\u00bbdefault\u00a0\u00bb text_font_size=\u00a0\u00bb18px\u00a0\u00bb global_colors_info=\u00a0\u00bb{}\u00a0\u00bb]<\/p>\n<p>Nous vous remercions d&rsquo;enregistrer volontairement vos produits. L&rsquo;enregistrement constitue une preuve de l&rsquo;existence de ce produit et de son propri\u00e9taire. Cela permet \u00e9galement \u00e0 Moovair de contacter les consommateurs finaux pour des raisons ou des probl\u00e8mes li\u00e9s au produit.<\/p>\n<p>[\/et_pb_text][dipi_gravity_forms_styler gf_form_id=\u00a0\u00bb7&Prime; use_ajax=\u00a0\u00bbon\u00a0\u00bb form_title_margin=\u00a0\u00bb0px||||false|false\u00a0\u00bb checkbox_radio_button_size=\u00a0\u00bb24px\u00a0\u00bb confirm_message_padding=\u00a0\u00bb5px||||false|false\u00a0\u00bb _builder_version=\u00a0\u00bb4.22.1&Prime; _module_preset=\u00a0\u00bb3f196762-ecbe-491a-b564-a2e5ff56bda6&Prime; html_field_font_size=\u00a0\u00bb22px\u00a0\u00bb confirm_msg_line_height=\u00a0\u00bb3em\u00a0\u00bb header_font=\u00a0\u00bbCera Pro|700|||||||\u00a0\u00bb header_3_font=\u00a0\u00bbCera Pro|700|||||||\u00a0\u00bb header_3_font_size=\u00a0\u00bb24px\u00a0\u00bb html_field_font_size_tablet=\u00a0\u00bb22px\u00a0\u00bb html_field_font_size_phone=\u00a0\u00bb18px\u00a0\u00bb html_field_font_size_last_edited=\u00a0\u00bbon|phone\u00a0\u00bb global_colors_info=\u00a0\u00bb{}\u00a0\u00bb][\/dipi_gravity_forms_styler][\/et_pb_column][et_pb_column type=\u00a0\u00bb1_5&Prime; _builder_version=\u00a0\u00bb4.22.1&Prime; _module_preset=\u00a0\u00bbdefault\u00a0\u00bb global_colors_info=\u00a0\u00bb{}\u00a0\u00bb][\/et_pb_column][\/et_pb_row][\/et_pb_section]<\/p>\n","protected":false},"excerpt":{"rendered":"<p>Enregistrement de produit Nous vous remercions d&rsquo;enregistrer volontairement vos produits. L&rsquo;enregistrement constitue une preuve de l&rsquo;existence de ce produit et de son propri\u00e9taire. Cela permet \u00e9galement \u00e0 Moovair de contacter les consommateurs finaux pour des raisons ou des probl\u00e8mes li\u00e9s au produit.<div class=\"et_pb_module dipi_gravity_forms_styler dipi_gravity_forms_styler_0\">\n\t\t\t\t\n\t\t\t\t\n\t\t\t\t\n\t\t\t\t\n\t\t\t\t\n\t\t\t\t\n\t\t\t\t<div class=\"et_pb_module_inner\">\n\t\t\t\t\t<div class=\"dipi_gf_styler_container\" data-config=\"{&quot;order_class&quot;:&quot;dipi_gravity_forms_styler_0&quot;,&quot;custom_all&quot;:&quot;off&quot;,&quot;all_use_icon&quot;:&quot;on&quot;,&quot;all_icon&quot;:&quot;&quot;,&quot;all_icon_tablet&quot;:&quot;&quot;,&quot;all_icon_phone&quot;:&quot;&quot;,&quot;all_icon_last_edited&quot;:&quot;&quot;,&quot;custom_next&quot;:&quot;off&quot;,&quot;next_use_icon&quot;:&quot;on&quot;,&quot;next_icon&quot;:&quot;&quot;,&quot;next_icon_tablet&quot;:&quot;&quot;,&quot;next_icon_phone&quot;:&quot;&quot;,&quot;next_icon_last_edited&quot;:&quot;&quot;,&quot;custom_prev&quot;:&quot;off&quot;,&quot;prev_use_icon&quot;:&quot;on&quot;,&quot;prev_icon&quot;:&quot;&quot;,&quot;prev_icon_tablet&quot;:&quot;&quot;,&quot;prev_icon_phone&quot;:&quot;&quot;,&quot;prev_icon_last_edited&quot;:&quot;&quot;,&quot;custom_submit&quot;:&quot;off&quot;,&quot;submit_use_icon&quot;:&quot;on&quot;,&quot;submit_icon&quot;:&quot;&quot;,&quot;submit_icon_tablet&quot;:&quot;&quot;,&quot;submit_icon_phone&quot;:&quot;&quot;,&quot;submit_icon_last_edited&quot;:&quot;&quot;,&quot;use_custom_select_arrow&quot;:&quot;off&quot;,&quot;select_arrow_use_icon&quot;:&quot;off&quot;,&quot;select_arrow_icon_last_edited&quot;:&quot;&quot;,&quot;select_arrow_icon&quot;:&quot;&amp;#xf078;||fa||900&quot;,&quot;select_arrow_icon_tablet&quot;:&quot;&quot;,&quot;select_arrow_icon_phone&quot;:&quot;&quot;}\">\n                <div class=\"alert\">\n                    No form selected.\n                    <br>\n                    Please select a form form the dropdown list of 'Choose Gravity Form'.\n                <\/div>\n            <\/div>\n\t\t\t\t<\/div>\n\t\t\t<\/div><\/p>\n","protected":false},"author":2,"featured_media":0,"parent":0,"menu_order":0,"comment_status":"closed","ping_status":"closed","template":"","meta":{"_acf_changed":false,"_et_pb_use_builder":"on","_et_pb_old_content":"[et_pb_section fb_built=\"1\" _builder_version=\"4.22.1\" _module_preset=\"default\" global_colors_info=\"{}\"][et_pb_row _builder_version=\"4.22.1\" _module_preset=\"default\" global_colors_info=\"{}\"][et_pb_column type=\"4_4\" _builder_version=\"4.22.1\" _module_preset=\"default\" global_colors_info=\"{}\"][et_pb_text _builder_version=\"4.22.1\" _module_preset=\"default\" header_font=\"Cera Pro|700|||||||\" header_font_size=\"48px\" header_font_size_tablet=\"48px\" header_font_size_phone=\"36px\" header_font_size_last_edited=\"on|phone\" global_colors_info=\"{}\"]<p><center><\/center><\/p>\r\n<h1 style=\"display: inline-block; border-bottom: 4px solid #e35425; padding-bottom: 4px; text-align: center;\">Enregistrement de la garantie<\/h1>\r\n<p style=\"text-align: center;\">[\/et_pb_text][\/et_pb_column][\/et_pb_row][et_pb_row column_structure=\"1_5,3_5,1_5\" _builder_version=\"4.22.1\" _module_preset=\"default\" global_colors_info=\"{}\"][et_pb_column type=\"1_5\" _builder_version=\"4.22.1\" _module_preset=\"default\" global_colors_info=\"{}\"][\/et_pb_column][et_pb_column type=\"3_5\" _builder_version=\"4.22.1\" _module_preset=\"default\" global_colors_info=\"{}\"][dipi_gravity_forms_styler gf_form_id=\"7\" use_ajax=\"on\" form_title_margin=\"0px||||false|false\" checkbox_radio_button_size=\"24px\" confirm_message_padding=\"5px||||false|false\" _builder_version=\"4.22.1\" _module_preset=\"3f196762-ecbe-491a-b564-a2e5ff56bda6\" confirm_msg_line_height=\"3em\" header_font=\"Cera Pro|700|||||||\" header_3_font=\"Cera Pro|700|||||||\" header_3_font_size=\"24px\" global_colors_info=\"{}\"][\/dipi_gravity_forms_styler][\/et_pb_column][et_pb_column type=\"1_5\" _builder_version=\"4.22.1\" _module_preset=\"default\" global_colors_info=\"{}\"][\/et_pb_column][\/et_pb_row][\/et_pb_section]","_et_gb_content_width":"","footnotes":""},"dipi_cpt_category":[],"class_list":["post-16250392","page","type-page","status-publish","hentry"],"acf":[],"_wp_attachment_image_alt":null,"_wpml_post_translation_editor_native":null,"_wp_attachment_metadata":null,"_links":{"self":[{"href":"https:\/\/staging.moovair.com\/fr-ca\/wp-json\/wp\/v2\/pages\/16250392","targetHints":{"allow":["GET"]}}],"collection":[{"href":"https:\/\/staging.moovair.com\/fr-ca\/wp-json\/wp\/v2\/pages"}],"about":[{"href":"https:\/\/staging.moovair.com\/fr-ca\/wp-json\/wp\/v2\/types\/page"}],"author":[{"embeddable":true,"href":"https:\/\/staging.moovair.com\/fr-ca\/wp-json\/wp\/v2\/users\/2"}],"replies":[{"embeddable":true,"href":"https:\/\/staging.moovair.com\/fr-ca\/wp-json\/wp\/v2\/comments?post=16250392"}],"version-history":[{"count":6,"href":"https:\/\/staging.moovair.com\/fr-ca\/wp-json\/wp\/v2\/pages\/16250392\/revisions"}],"predecessor-version":[{"id":16252124,"href":"https:\/\/staging.moovair.com\/fr-ca\/wp-json\/wp\/v2\/pages\/16250392\/revisions\/16252124"}],"wp:attachment":[{"href":"https:\/\/staging.moovair.com\/fr-ca\/wp-json\/wp\/v2\/media?parent=16250392"}],"wp:term":[{"taxonomy":"dipi_cpt_category","embeddable":true,"href":"https:\/\/staging.moovair.com\/fr-ca\/wp-json\/wp\/v2\/dipi_cpt_category?post=16250392"}],"curies":[{"name":"wp","href":"https:\/\/api.w.org\/{rel}","templated":true}]}}