{"id":16250371,"date":"2024-03-27T14:45:09","date_gmt":"2024-03-27T18:45:09","guid":{"rendered":"https:\/\/staging.moovair.com\/?page_id=16250371"},"modified":"2024-05-23T23:59:25","modified_gmt":"2024-05-24T03:59:25","slug":"aoda-compliance-terms","status":"publish","type":"page","link":"https:\/\/staging.moovair.com\/fr-ca\/aoda-compliance-terms\/","title":{"rendered":"AODA compliance terms"},"content":{"rendered":"<p>[et_pb_section fb_built=\u00a0\u00bb1&Prime; _builder_version=\u00a0\u00bb4.22.1&Prime; _module_preset=\u00a0\u00bbdefault\u00a0\u00bb global_colors_info=\u00a0\u00bb{}\u00a0\u00bb][et_pb_row _builder_version=\u00a0\u00bb4.22.1&Prime; _module_preset=\u00a0\u00bbdefault\u00a0\u00bb global_colors_info=\u00a0\u00bb{}\u00a0\u00bb][et_pb_column type=\u00a0\u00bb4_4&Prime; _builder_version=\u00a0\u00bb4.22.1&Prime; _module_preset=\u00a0\u00bbdefault\u00a0\u00bb global_colors_info=\u00a0\u00bb{}\u00a0\u00bb][et_pb_text _builder_version=\u00a0\u00bb4.22.1&Prime; _module_preset=\u00a0\u00bbdefault\u00a0\u00bb text_text_color=\u00a0\u00bb#e04c1f\u00a0\u00bb global_colors_info=\u00a0\u00bb{}\u00a0\u00bb]<\/p>\n<h1 style=\"display: inline-block; border-bottom: 4px solid #e35425; padding-bottom: 4px;\">LAPHO CONDITIONS DE CONFORMIT\u00c9<\/h1>\n<p>&nbsp;<\/p>\n<h3>\u00a0<\/h3>\n<h3>En 2005, le gouvernement de l&rsquo;Ontario a adopt\u00e9 la <em>Loi de 2005 sur l&rsquo;accessibilit\u00e9 pour les personnes handicap\u00e9es de l&rsquo;Ontario (LAPHO)<\/em>. La LAPHO vise \u00e0 r\u00e9duire et \u00e0 \u00e9liminer les obstacles pour les personnes handicap\u00e9es afin que l\u2019Ontario puisse devenir plus accessible et inclusif pour tous et toutes, et de faire de l\u2019Ontario une province accueillante et accessible aux personnes handicap\u00e9es d\u2019ici 2025.<\/h3>\n<h3>Pour ce faire, Master s&rsquo;engage \u00e0 fournir un environnement accessible \u00e0 tous les clients, employ\u00e9s, candidats \u00e0 l&#8217;emploi, fournisseurs et visiteurs susceptibles d&rsquo;entrer dans nos locaux, d&rsquo;acc\u00e9der \u00e0 nos informations ou d&rsquo;utiliser nos services. En tant qu&rsquo;organisation, nous respectons et nous nous conformons aux exigences de la LAPHO et de ses r\u00e8glements connexes.<\/h3>\n<p>&nbsp;<\/p>\n<h3><a href=\"https:\/\/staging.moovair.com\/wp-content\/uploads\/2024\/03\/HR-ON-1_Politique-Accessibilite.pdf\" target=\"_blank\" rel=\"noopener\">Politique d\u2019accessibilit\u00e9 (LAPHO) \u2013 Ontario<\/a><\/h3>\n<h3><a href=\"https:\/\/staging.moovair.com\/wp-content\/uploads\/2024\/03\/HR-ON-2_Plan-Accessibilite-pluriannuel.pdf\" target=\"_blank\" rel=\"noopener\">Plan d\u2019accessibilit\u00e9 pluriannuel (LAPHO) \u2013 Ontario <\/a><\/h3>\n<p>[\/et_pb_text][\/et_pb_column][\/et_pb_row][\/et_pb_section]<\/p>\n","protected":false},"excerpt":{"rendered":"<p>LAPHO CONDITIONS DE CONFORMIT\u00c9 &nbsp; \u00a0 En 2005, le gouvernement de l&rsquo;Ontario a adopt\u00e9 la Loi de 2005 sur l&rsquo;accessibilit\u00e9 pour les personnes handicap\u00e9es de l&rsquo;Ontario (LAPHO). La LAPHO vise \u00e0 r\u00e9duire et \u00e0 \u00e9liminer les obstacles pour les personnes handicap\u00e9es afin que l\u2019Ontario puisse devenir plus accessible et inclusif pour tous et toutes, et [&hellip;]<\/p>\n","protected":false},"author":6,"featured_media":0,"parent":0,"menu_order":0,"comment_status":"closed","ping_status":"closed","template":"","meta":{"_acf_changed":false,"_et_pb_use_builder":"on","_et_pb_old_content":"[et_pb_section fb_built=\"1\" _builder_version=\"4.22.1\" _module_preset=\"default\" global_colors_info=\"{}\"][et_pb_row _builder_version=\"4.22.1\" _module_preset=\"default\" global_colors_info=\"{}\"][et_pb_column type=\"4_4\" _builder_version=\"4.22.1\" _module_preset=\"default\" global_colors_info=\"{}\"][et_pb_text _builder_version=\"4.22.1\" _module_preset=\"default\" text_text_color=\"#e04c1f\" hover_enabled=\"0\" global_colors_info=\"{}\" sticky_enabled=\"0\"]<h1 style=\"display: inline-block; border-bottom: 4px solid #e35425; padding-bottom: 4px;\">LAPHO CONDITIONS DE CONFORMIT\u00c9<\/h1>\r\n<p>&nbsp;<\/p>\r\n<h3>\u00a0<\/h3>\r\n<h3>En 2005, le gouvernement de l'Ontario a adopt\u00e9 la <em>Loi de 2005 sur l'accessibilit\u00e9 pour les personnes handicap\u00e9es de l'Ontario (LAPHO)<\/em>. La LAPHO vise \u00e0 r\u00e9duire et \u00e0 \u00e9liminer les obstacles pour les personnes handicap\u00e9es afin que l\u2019Ontario puisse devenir plus accessible et inclusif pour tous et toutes, et de faire de l\u2019Ontario une province accueillante et accessible aux personnes handicap\u00e9es d\u2019ici 2025.<\/h3>\r\n<h3>Pour ce faire, Master s'engage \u00e0 fournir un environnement accessible \u00e0 tous les clients, employ\u00e9s, candidats \u00e0 l'emploi, fournisseurs et visiteurs susceptibles d'entrer dans nos locaux, d'acc\u00e9der \u00e0 nos informations ou d'utiliser nos services. En tant qu'organisation, nous respectons et nous nous conformons aux exigences de la LAPHO et de ses r\u00e8glements connexes.<\/h3>\r\n<p>&nbsp;<\/p>\r\n<h3><a href=\"https:\/\/staging.moovair.com\/wp-content\/uploads\/2024\/03\/HR-ON-1_Politique-Accessibilite.pdf\" target=\"_blank\" rel=\"noopener\">Politique d\u2019accessibilit\u00e9 (LAPHO) \u2013 Ontario<\/a><\/h3>\r\n<h3><a href=\"https:\/\/staging.moovair.com\/wp-content\/uploads\/2024\/03\/HR-ON-2_Plan-Accessibilite-pluriannuel.pdf\" target=\"_blank\" rel=\"noopener\">Plan d\u2019accessibilit\u00e9 pluriannuel (LAPHO) \u2013 Ontario <\/a><\/h3>[\/et_pb_text][\/et_pb_column][\/et_pb_row][\/et_pb_section]","_et_gb_content_width":"","footnotes":""},"dipi_cpt_category":[],"class_list":["post-16250371","page","type-page","status-publish","hentry"],"acf":[],"_wp_attachment_image_alt":null,"_wpml_post_translation_editor_native":null,"_wp_attachment_metadata":"","_links":{"self":[{"href":"https:\/\/staging.moovair.com\/fr-ca\/wp-json\/wp\/v2\/pages\/16250371","targetHints":{"allow":["GET"]}}],"collection":[{"href":"https:\/\/staging.moovair.com\/fr-ca\/wp-json\/wp\/v2\/pages"}],"about":[{"href":"https:\/\/staging.moovair.com\/fr-ca\/wp-json\/wp\/v2\/types\/page"}],"author":[{"embeddable":true,"href":"https:\/\/staging.moovair.com\/fr-ca\/wp-json\/wp\/v2\/users\/6"}],"replies":[{"embeddable":true,"href":"https:\/\/staging.moovair.com\/fr-ca\/wp-json\/wp\/v2\/comments?post=16250371"}],"version-history":[{"count":2,"href":"https:\/\/staging.moovair.com\/fr-ca\/wp-json\/wp\/v2\/pages\/16250371\/revisions"}],"predecessor-version":[{"id":16251694,"href":"https:\/\/staging.moovair.com\/fr-ca\/wp-json\/wp\/v2\/pages\/16250371\/revisions\/16251694"}],"wp:attachment":[{"href":"https:\/\/staging.moovair.com\/fr-ca\/wp-json\/wp\/v2\/media?parent=16250371"}],"wp:term":[{"taxonomy":"dipi_cpt_category","embeddable":true,"href":"https:\/\/staging.moovair.com\/fr-ca\/wp-json\/wp\/v2\/dipi_cpt_category?post=16250371"}],"curies":[{"name":"wp","href":"https:\/\/api.w.org\/{rel}","templated":true}]}}